{"id":11,"date":"2013-12-11T13:15:37","date_gmt":"2013-12-11T13:15:37","guid":{"rendered":"http:\/\/www.btcstavby.cz\/?page_id=11"},"modified":"2024-04-03T09:22:20","modified_gmt":"2024-04-03T09:22:20","slug":"kontakt","status":"publish","type":"page","link":"https:\/\/www.btcstavby.cz\/en\/kontakt\/","title":{"rendered":"Contact"},"content":{"rendered":"<p><\/p>\n<h2>Postal address<\/h2>\n<p>Building Trade Company s.r.o.<br \/>\nH\u00e1j\u010d\u00ed 2650\/14<br \/>\n150 00 Praha 13 &#8211; Stod\u016flky<\/p>\n<p>e-mail: <a href=\"mailto:info@btcstavby.cz\">info@btcstavby.cz<\/a><br \/>\ntel.: +420 235 310 469<br \/>\nmobil: +420 606 02 54 34<\/p>\n<h2>Establishment<\/h2>\n<p>Building Trade Company s.r.o.<br \/>\nNa p\u011b\u0161in\u00e1ch 23\/50<br \/>\n1820 00 Praha 8<\/p>\n<p>I\u010cO: 29414032<br \/>\nDI\u010c: CZ29414032<br \/>\n<a href=\"http:\/\/www.btcstavby.cz\/\">www.btcstavby.cz<\/a><\/p>\n<p><strong>Franti\u0161ek \u0160midt<\/strong><br \/>\ntel.: +420 602 654 596<br \/>\ne-mail:\u00a0<a href=\"mailto:info@btcstavby.cz\">info@btcstavby.cz<\/a><\/p>","protected":false},"excerpt":{"rendered":"<p>Postal address Building Trade Company s.r.o. H\u00e1j\u010d\u00ed 2650\/14 150 00 Praha 13 &#8211; Stod\u016flky e-mail: info@btcstavby.cz tel.: +420 235 310 469 mobil: +420 606 02 54 34 Establishment Building Trade Company s.r.o. Na p\u011b\u0161in\u00e1ch 23\/50 1820 00 Praha 8 I\u010cO: 29414032 DI\u010c: CZ29414032 www.btcstavby.cz Franti\u0161ek \u0160midt tel.: +420 602 654 596 e-mail:\u00a0info@btcstavby.cz<\/p>\n","protected":false},"author":1,"featured_media":0,"parent":0,"menu_order":0,"comment_status":"closed","ping_status":"closed","template":"","meta":[],"_links":{"self":[{"href":"https:\/\/www.btcstavby.cz\/en\/wp-json\/wp\/v2\/pages\/11"}],"collection":[{"href":"https:\/\/www.btcstavby.cz\/en\/wp-json\/wp\/v2\/pages"}],"about":[{"href":"https:\/\/www.btcstavby.cz\/en\/wp-json\/wp\/v2\/types\/page"}],"author":[{"embeddable":true,"href":"https:\/\/www.btcstavby.cz\/en\/wp-json\/wp\/v2\/users\/1"}],"replies":[{"embeddable":true,"href":"https:\/\/www.btcstavby.cz\/en\/wp-json\/wp\/v2\/comments?post=11"}],"version-history":[{"count":0,"href":"https:\/\/www.btcstavby.cz\/en\/wp-json\/wp\/v2\/pages\/11\/revisions"}],"wp:attachment":[{"href":"https:\/\/www.btcstavby.cz\/en\/wp-json\/wp\/v2\/media?parent=11"}],"curies":[{"name":"wp","href":"https:\/\/api.w.org\/{rel}","templated":true}]}}