{"id":41,"date":"2013-12-12T23:57:38","date_gmt":"2013-12-12T23:57:38","guid":{"rendered":"http:\/\/www.btcstavby.cz\/?page_id=41"},"modified":"2020-01-30T22:28:14","modified_gmt":"2020-01-30T22:28:14","slug":"certifikaty","status":"publish","type":"page","link":"https:\/\/www.btcstavby.cz\/en\/certifikaty\/","title":{"rendered":"Certificates"},"content":{"rendered":"<p>During the past years we have obtained certifications for various structural systems belonging to the world technology top. At present, we are one of the most successful implementation companies in this field on the Czech market. The Building Trade Company is a member of the Plasterboarders Guild.<\/p>\n<p>\n\t\t<style type=\"text\/css\">\n\t\t\t#gallery-5 {\n\t\t\t\tmargin: auto;\n\t\t\t}\n\t\t\t#gallery-5 .gallery-item {\n\t\t\t\tfloat: left;\n\t\t\t\tmargin-top: 10px;\n\t\t\t\ttext-align: center;\n\t\t\t\twidth: 33%;\n\t\t\t}\n\t\t\t#gallery-5 img {\n\t\t\t\tborder: 2px solid #cfcfcf;\n\t\t\t}\n\t\t\t#gallery-5 .gallery-caption {\n\t\t\t\tmargin-left: 0;\n\t\t\t}\n\t\t\t\/* see gallery_shortcode() in wp-includes\/media.php *\/\n\t\t<\/style>\n\t\t<div id='gallery-5' class='gallery galleryid-41 gallery-columns-3 gallery-size-thumbnail'><dl class='gallery-item'>\n\t\t\t<dt class='gallery-icon portrait'>\n\t\t\t\t<a href='https:\/\/www.btcstavby.cz\/en\/gallery\/certifikaty\/certificate9\/'><img width=\"120\" height=\"90\" src=\"https:\/\/www.btcstavby.cz\/wp-content\/uploads\/certificate9-120x90.jpg\" class=\"attachment-thumbnail size-thumbnail\" alt=\"\" loading=\"lazy\" aria-describedby=\"gallery-5-44\" \/><\/a>\n\t\t\t<\/dt>\n\t\t\t\t<dd class='wp-caption-text gallery-caption' id='gallery-5-44'>\n\t\t\t\tOsv\u011bd\u010den\u00ed o technick\u00e9m \u0161kolen\u00ed pro mont\u00e1\u017e stropn\u00edch syst\u00e9m\u016f OWA (v\u010detn\u011b akustick\u00fdch a po\u017e\u00e1rn\u011b odoln\u00fdch syst\u00e9m\u016f)\n\t\t\t\t<\/dd><\/dl><dl class='gallery-item'>\n\t\t\t<dt class='gallery-icon portrait'>\n\t\t\t\t<a href='https:\/\/www.btcstavby.cz\/en\/certifikaty\/opravneni-k-montazi-stropnich-systemu-owa-vcetne-akustickych-a-pozarne-odolnych-2\/'><img width=\"120\" height=\"90\" src=\"https:\/\/www.btcstavby.cz\/wp-content\/uploads\/opravneni-k-montazi-stropnich-systemu-OWA-vcetne-akustickych-a-pozarne-odolnych-120x90.jpg\" class=\"attachment-thumbnail size-thumbnail\" alt=\"\" loading=\"lazy\" aria-describedby=\"gallery-5-190\" \/><\/a>\n\t\t\t<\/dt>\n\t\t\t\t<dd class='wp-caption-text gallery-caption' id='gallery-5-190'>\n\t\t\t\tOpr\u00e1vn\u011bn\u00ed k mont\u00e1\u017ei stropn\u00edch syst\u00e9m\u016f OWA\n\t\t\t\t<\/dd><\/dl><dl class='gallery-item'>\n\t\t\t<dt class='gallery-icon portrait'>\n\t\t\t\t<a href='https:\/\/www.btcstavby.cz\/en\/certifikaty\/opravneni-k-montazi-stropnich-systemu-owa-2\/'><img width=\"120\" height=\"90\" src=\"https:\/\/www.btcstavby.cz\/wp-content\/uploads\/opravneni-k-montazi-stropnich-systemu-OWA-120x90.jpg\" class=\"attachment-thumbnail size-thumbnail\" alt=\"\" loading=\"lazy\" aria-describedby=\"gallery-5-191\" \/><\/a>\n\t\t\t<\/dt>\n\t\t\t\t<dd class='wp-caption-text gallery-caption' id='gallery-5-191'>\n\t\t\t\tOpr\u00e1vn\u011bn\u00ed k mont\u00e1\u017e\u00ed stropn\u00edch syst\u00e9m\u016f OWA v\u010detn\u011b akustick\u00fdch a po\u017e\u00e1rn\u011b odoln\u00fdch\n\t\t\t\t<\/dd><\/dl><br style=\"clear: both\" \/><dl class='gallery-item'>\n\t\t\t<dt class='gallery-icon portrait'>\n\t\t\t\t<a href='https:\/\/www.btcstavby.cz\/en\/certifikaty\/opravneni-k-montazi-suche-vystavby-systemu-rigips-vcetne-protipozarnich-konstrukci-2\/'><img width=\"120\" height=\"90\" src=\"https:\/\/www.btcstavby.cz\/wp-content\/uploads\/opravneni-k-montazi-suche-vystavby-systemu-Rigips-vcetne-protipozarnich-konstrukci-120x90.jpg\" class=\"attachment-thumbnail size-thumbnail\" alt=\"\" loading=\"lazy\" aria-describedby=\"gallery-5-193\" \/><\/a>\n\t\t\t<\/dt>\n\t\t\t\t<dd class='wp-caption-text gallery-caption' id='gallery-5-193'>\n\t\t\t\tCertifik\u00e1t na mont\u00e1\u017e konstrukc\u00ed such\u00e9 v\u00fdstavby Rigips\n\t\t\t\t<\/dd><\/dl><dl class='gallery-item'>\n\t\t\t<dt class='gallery-icon portrait'>\n\t\t\t\t<a href='https:\/\/www.btcstavby.cz\/en\/certifikaty\/opravneni-k-montazi-protipozarnich-konstrukci-systemu-knauf-2\/'><img width=\"120\" height=\"90\" src=\"https:\/\/www.btcstavby.cz\/wp-content\/uploads\/opravneni-k-montazi-protipozarnich-konstrukci-systemu-Knauf-120x90.jpg\" class=\"attachment-thumbnail size-thumbnail\" alt=\"\" loading=\"lazy\" aria-describedby=\"gallery-5-192\" \/><\/a>\n\t\t\t<\/dt>\n\t\t\t\t<dd class='wp-caption-text gallery-caption' id='gallery-5-192'>\n\t\t\t\tCertifik\u00e1t na konstrukci protipo\u017e\u00e1rn\u00edch konstrukc\u00ed s\u00e1drokartonov\u00e9ho syst\u00e9mu KNAUF\n\t\t\t\t<\/dd><\/dl><dl class='gallery-item'>\n\t\t\t<dt class='gallery-icon portrait'>\n\t\t\t\t<a href='https:\/\/www.btcstavby.cz\/en\/certifikaty\/ador_szako\/'><img width=\"120\" height=\"90\" src=\"https:\/\/www.btcstavby.cz\/wp-content\/uploads\/ador_szako-120x90.jpg\" class=\"attachment-thumbnail size-thumbnail\" alt=\"\" loading=\"lazy\" aria-describedby=\"gallery-5-350\" \/><\/a>\n\t\t\t<\/dt>\n\t\t\t\t<dd class='wp-caption-text gallery-caption' id='gallery-5-350'>\n\t\t\t\tOsv\u011bd\u010den\u00ed pro mont\u00e1\u017e a servis po\u017e\u00e1rn\u00edch uz\u00e1v\u011br\u016f dle v\u00fdrobn\u00edho programu ADOR CT s.r.o.\n\t\t\t\t<\/dd><\/dl><br style=\"clear: both\" \/><dl class='gallery-item'>\n\t\t\t<dt class='gallery-icon landscape'>\n\t\t\t\t<a href='https:\/\/www.btcstavby.cz\/en\/certifikaty\/sepos_szako\/'><img width=\"120\" height=\"90\" src=\"https:\/\/www.btcstavby.cz\/wp-content\/uploads\/sepos_szako-120x90.jpg\" class=\"attachment-thumbnail size-thumbnail\" alt=\"\" loading=\"lazy\" aria-describedby=\"gallery-5-351\" \/><\/a>\n\t\t\t<\/dt>\n\t\t\t\t<dd class='wp-caption-text gallery-caption' id='gallery-5-351'>\n\t\t\t\tOsv\u011bd\u010den\u00ed SEPOS, spol. s r.o.\n\t\t\t\t<\/dd><\/dl><dl class='gallery-item'>\n\t\t\t<dt class='gallery-icon portrait'>\n\t\t\t\t<a href='https:\/\/www.btcstavby.cz\/en\/certifikaty\/solodor_szako\/'><img width=\"120\" height=\"90\" src=\"https:\/\/www.btcstavby.cz\/wp-content\/uploads\/solodor_szako-120x90.jpg\" class=\"attachment-thumbnail size-thumbnail\" alt=\"\" loading=\"lazy\" aria-describedby=\"gallery-5-352\" \/><\/a>\n\t\t\t<\/dt>\n\t\t\t\t<dd class='wp-caption-text gallery-caption' id='gallery-5-352'>\n\t\t\t\tCertifik\u00e1t SOLODOOR a.s.\n\t\t\t\t<\/dd><\/dl><dl class='gallery-item'>\n\t\t\t<dt class='gallery-icon portrait'>\n\t\t\t\t<a href='https:\/\/www.btcstavby.cz\/en\/certifikaty\/ccf16032018_00000\/'><img width=\"120\" height=\"90\" src=\"https:\/\/www.btcstavby.cz\/wp-content\/uploads\/CCF16032018_00000-120x90.jpg\" class=\"attachment-thumbnail size-thumbnail\" alt=\"\" loading=\"lazy\" aria-describedby=\"gallery-5-353\" \/><\/a>\n\t\t\t<\/dt>\n\t\t\t\t<dd class='wp-caption-text gallery-caption' id='gallery-5-353'>\n\t\t\t\tOsv\u011bd\u010den\u00ed pro aplikaci v\u00fdrobk\u016f v konstrukc\u00edch &#8211; Trubn\u00ed ucp\u00e1vka PROMASEAL-AG\n\t\t\t\t<\/dd><\/dl><br style=\"clear: both\" \/>\n\t\t<\/div>\n<br \/>\n\n\t\t<style type=\"text\/css\">\n\t\t\t#gallery-6 {\n\t\t\t\tmargin: auto;\n\t\t\t}\n\t\t\t#gallery-6 .gallery-item {\n\t\t\t\tfloat: left;\n\t\t\t\tmargin-top: 10px;\n\t\t\t\ttext-align: center;\n\t\t\t\twidth: 33%;\n\t\t\t}\n\t\t\t#gallery-6 img {\n\t\t\t\tborder: 2px solid #cfcfcf;\n\t\t\t}\n\t\t\t#gallery-6 .gallery-caption {\n\t\t\t\tmargin-left: 0;\n\t\t\t}\n\t\t\t\/* see gallery_shortcode() in wp-includes\/media.php *\/\n\t\t<\/style>\n\t\t<div id='gallery-6' class='gallery galleryid-41 gallery-columns-3 gallery-size-thumbnail'><dl class='gallery-item'>\n\t\t\t<dt class='gallery-icon portrait'>\n\t\t\t\t<a href='https:\/\/www.btcstavby.cz\/en\/certifikaty\/zivnostensky-list-2\/'><img width=\"120\" height=\"90\" src=\"https:\/\/www.btcstavby.cz\/wp-content\/uploads\/zivnostensky-list-120x90.jpg\" class=\"attachment-thumbnail size-thumbnail\" alt=\"\" loading=\"lazy\" aria-describedby=\"gallery-6-189\" \/><\/a>\n\t\t\t<\/dt>\n\t\t\t\t<dd class='wp-caption-text gallery-caption' id='gallery-6-189'>\n\t\t\t\t\u017divnostensk\u00fd list\n\t\t\t\t<\/dd><\/dl><dl class='gallery-item'>\n\t\t\t<dt class='gallery-icon portrait'>\n\t\t\t\t<a href='https:\/\/www.btcstavby.cz\/en\/certifikaty\/vypis-z-obchodniho-rejstriku-2\/'><img width=\"120\" height=\"90\" src=\"https:\/\/www.btcstavby.cz\/wp-content\/uploads\/vypis-z-obchodniho-rejstriku-120x90.jpg\" class=\"attachment-thumbnail size-thumbnail\" alt=\"\" loading=\"lazy\" aria-describedby=\"gallery-6-194\" \/><\/a>\n\t\t\t<\/dt>\n\t\t\t\t<dd class='wp-caption-text gallery-caption' id='gallery-6-194'>\n\t\t\t\tV\u00fdpis z obchodn\u00edho rejst\u0159\u00edku\n\t\t\t\t<\/dd><\/dl>\n\t\t\t<br style='clear: both' \/>\n\t\t<\/div>\n<br \/>\n<br \/>\n\n\t\t<style type=\"text\/css\">\n\t\t\t#gallery-8 {\n\t\t\t\tmargin: auto;\n\t\t\t}\n\t\t\t#gallery-8 .gallery-item {\n\t\t\t\tfloat: left;\n\t\t\t\tmargin-top: 10px;\n\t\t\t\ttext-align: center;\n\t\t\t\twidth: 33%;\n\t\t\t}\n\t\t\t#gallery-8 img {\n\t\t\t\tborder: 2px solid #cfcfcf;\n\t\t\t}\n\t\t\t#gallery-8 .gallery-caption {\n\t\t\t\tmargin-left: 0;\n\t\t\t}\n\t\t\t\/* see gallery_shortcode() in wp-includes\/media.php *\/\n\t\t<\/style>\n\t\t<div id='gallery-8' class='gallery galleryid-41 gallery-columns-3 gallery-size-thumbnail'><dl class='gallery-item'>\n\t\t\t<dt class='gallery-icon portrait'>\n\t\t\t\t<a href='https:\/\/www.btcstavby.cz\/en\/certifikaty\/baumit-page-001\/'><img width=\"120\" height=\"90\" src=\"https:\/\/www.btcstavby.cz\/wp-content\/uploads\/Baumit-page-001-120x90.jpg\" class=\"attachment-thumbnail size-thumbnail\" alt=\"\" loading=\"lazy\" aria-describedby=\"gallery-8-344\" \/><\/a>\n\t\t\t<\/dt>\n\t\t\t\t<dd class='wp-caption-text gallery-caption' id='gallery-8-344'>\n\t\t\t\tBaumit &#8211; Certifik\u00e1t zp\u016fsobilosti\n\t\t\t\t<\/dd><\/dl>\n\t\t\t<br style='clear: both' \/>\n\t\t<\/div>\n<\/p>\n<p><\/p>","protected":false},"excerpt":{"rendered":"<p>During the past years we have obtained certifications for various structural systems belonging to the world technology top. At present, we are one of the most successful implementation companies in this field on the Czech market. The Building Trade Company is a member of the Plasterboarders Guild.<\/p>\n","protected":false},"author":1,"featured_media":0,"parent":0,"menu_order":0,"comment_status":"closed","ping_status":"closed","template":"","meta":[],"_links":{"self":[{"href":"https:\/\/www.btcstavby.cz\/en\/wp-json\/wp\/v2\/pages\/41"}],"collection":[{"href":"https:\/\/www.btcstavby.cz\/en\/wp-json\/wp\/v2\/pages"}],"about":[{"href":"https:\/\/www.btcstavby.cz\/en\/wp-json\/wp\/v2\/types\/page"}],"author":[{"embeddable":true,"href":"https:\/\/www.btcstavby.cz\/en\/wp-json\/wp\/v2\/users\/1"}],"replies":[{"embeddable":true,"href":"https:\/\/www.btcstavby.cz\/en\/wp-json\/wp\/v2\/comments?post=41"}],"version-history":[{"count":0,"href":"https:\/\/www.btcstavby.cz\/en\/wp-json\/wp\/v2\/pages\/41\/revisions"}],"wp:attachment":[{"href":"https:\/\/www.btcstavby.cz\/en\/wp-json\/wp\/v2\/media?parent=41"}],"curies":[{"name":"wp","href":"https:\/\/api.w.org\/{rel}","templated":true}]}}